{"id":556,"date":"2019-04-21T06:38:28","date_gmt":"2019-04-21T06:38:28","guid":{"rendered":"http:\/\/demo.sparklewpthemes.com\/constructionlight\/?page_id=556"},"modified":"2024-03-15T03:21:55","modified_gmt":"2024-03-15T02:21:55","slug":"our-services","status":"publish","type":"page","link":"https:\/\/batcamer.com\/index.php\/our-services\/","title":{"rendered":"Services"},"content":{"rendered":"\n<div class=\"wp-block-group has-background is-layout-constrained wp-block-group-is-layout-constrained\" style=\"border-style:none;border-width:0px;background-color:#fefefe;padding-top:50px;padding-bottom:80px\">\n<div class=\"wp-block-group alignwide is-layout-flow wp-container-core-group-layout-4 wp-block-group-is-layout-flow\" style=\"padding-bottom:30px\">\n<div class=\"wp-block-group is-layout-constrained wp-container-core-group-layout-3 wp-block-group-is-layout-constrained\">\n<h2 class=\"wp-block-heading has-text-align-center animated animated-fadeInUp has-slider-title-font-size\" style=\"line-height:1.3\">Nos diff\u00e9rentes prestations<\/h2>\n\n\n\n<div class=\"wp-block-group animated animated-fadeInUp is-content-justification-center is-nowrap is-layout-flex wp-container-core-group-layout-2 wp-block-group-is-layout-flex\">\n<div class=\"wp-block-group is-layout-flow wp-block-group-is-layout-flow\">\n<hr class=\"wp-block-separator has-text-color has-primary-color has-alpha-channel-opacity has-primary-background-color has-background\"\/>\n<\/div>\n<\/div>\n<\/div>\n<\/div>\n\n\n\n<p class=\"has-text-align-center\">LE BATISSEUR CAMEROUNAIS est entreprise qui vous accompagne dans vos projets de construction neuve, d\u2019extension, de modification, de transformation, de r\u00e9novation et d\u2019am\u00e9nagement int\u00e9rieur et ext\u00e9rieur.<\/p>\n\n\n\n<div class=\"wp-block-columns alignwide is-layout-flex wp-container-core-columns-layout-1 wp-block-columns-is-layout-flex\">\n<div class=\"wp-block-column is-vertically-aligned-center is-layout-flow wp-block-column-is-layout-flow\">\n<div class=\"wp-block-group alignwide has-shadow-dark animated animated-fadeInUp has-white-background-color has-background is-layout-constrained wp-container-core-group-layout-7 wp-block-group-is-layout-constrained\" style=\"border-radius:5px;padding-top:0px;padding-right:0px;padding-bottom:20px;padding-left:0px\">\n<div class=\"wp-block-group is-layout-flow wp-block-group-is-layout-flow\">\n<figure class=\"wp-block-image aligncenter size-full has-custom-border\"><a href=\"https:\/\/batcamer.com\/index.php\/modifications-transformation-et-renovation\/\"><img loading=\"lazy\" decoding=\"async\" width=\"1024\" height=\"704\" src=\"https:\/\/batcamer.com\/wp-content\/uploads\/2024\/02\/teddyrenderinphotoshop.jpg\" alt=\"\" class=\"wp-image-1364\" style=\"border-top-left-radius:5px;border-top-right-radius:5px;border-bottom-left-radius:0px;border-bottom-right-radius:0px\" srcset=\"https:\/\/batcamer.com\/wp-content\/uploads\/2024\/02\/teddyrenderinphotoshop.jpg 1024w, https:\/\/batcamer.com\/wp-content\/uploads\/2024\/02\/teddyrenderinphotoshop-600x413.jpg 600w, https:\/\/batcamer.com\/wp-content\/uploads\/2024\/02\/teddyrenderinphotoshop-300x206.jpg 300w, https:\/\/batcamer.com\/wp-content\/uploads\/2024\/02\/teddyrenderinphotoshop-768x528.jpg 768w\" sizes=\"(max-width: 1024px) 100vw, 1024px\" \/><\/a><\/figure>\n<\/div>\n\n\n\n<div class=\"wp-block-group is-layout-constrained wp-container-core-group-layout-6 wp-block-group-is-layout-constrained\" style=\"padding-top:var(--wp--preset--spacing--30);padding-right:var(--wp--preset--spacing--30);padding-bottom:var(--wp--preset--spacing--30);padding-left:var(--wp--preset--spacing--30)\">\n<h3 class=\"wp-block-heading has-text-align-center\" style=\"margin-top:20px;margin-right:10px;margin-bottom:10px;margin-left:10px\"><a href=\"https:\/\/batcamer.com\/index.php\/modifications-transformation-et-renovation\/\"><\/a><a href=\"https:\/\/batcamer.com\/index.php\/modifications-transformation-et-renovation\/\">Modifications, Transformation et R\u00e9novation<\/a><\/h3>\n\n\n\n<p class=\"has-text-align-center sp-p-lr\">Le m\u00e9tier du b\u00e2timent est l\u2019un des secteurs les plus complexes. Il est donc indispensable de\u2026<\/p>\n<\/div>\n\n\n\n<div id=\"section-gad3a72\" class=\"wp-block-gutentor-e2 section-gad3a72 gutentor-element gutentor-element-button button-align-center-desktop\"><span class=\"gutentor-button-wrap\"><a class=\"gutentor-button gutentor-block-button gutentor-icon-hide\" href=\"https:\/\/batcamer.com\/index.php\/modifications-transformation-et-renovation\/\"><i class=\"gutentor-button-icon fas fa-book\"><\/i><span><strong>Lire la suite<\/strong><\/span><\/a><\/span><\/div>\n<\/div>\n<\/div>\n\n\n\n<div class=\"wp-block-column is-vertically-aligned-center is-layout-flow wp-block-column-is-layout-flow\">\n<div class=\"wp-block-group alignwide has-shadow-dark animated animated-fadeInUp has-white-background-color has-background is-layout-constrained wp-container-core-group-layout-10 wp-block-group-is-layout-constrained\" style=\"border-radius:5px;padding-top:0px;padding-right:0px;padding-bottom:20px;padding-left:0px\">\n<div class=\"wp-block-group is-layout-flow wp-block-group-is-layout-flow\">\n<div id=\"section-g4265d1\" class=\"wp-block-gutentor-e6 section-g4265d1 gutentor-element gutentor-element-image\"><div class=\"gutentor-element-image-box\"><div class=\"gutentor-image-thumb\"><img decoding=\"async\" class=\"normal-image\" src=\"https:\/\/batcamer.com\/wp-content\/uploads\/2024\/02\/LBC_Cons_Projet-Nkozoa-1-1.jpg\"\/><\/div><\/div><\/div>\n<\/div>\n\n\n\n<div class=\"wp-block-group is-layout-constrained wp-container-core-group-layout-9 wp-block-group-is-layout-constrained\" style=\"padding-top:var(--wp--preset--spacing--30);padding-right:var(--wp--preset--spacing--30);padding-bottom:var(--wp--preset--spacing--30);padding-left:var(--wp--preset--spacing--30)\">\n<h3 class=\"wp-block-heading has-text-align-center\" style=\"margin-top:20px;margin-right:10px;margin-bottom:10px;margin-left:10px\"><a href=\"#\"><\/a><a href=\"https:\/\/batcamer.com\/index.php\/constructions-et-extensions\/\">Constructions et Extensions<\/a><\/h3>\n\n\n\n<p class=\"has-text-align-center sp-p-lr\">Nous intervenons sur tous vos projets de construction neuve et d\u2019extension en ma\u00e7onnerie classique, en b\u00e9ton qui s\u2019inscrivent dans la durabilit\u00e9\u2026<\/p>\n<\/div>\n\n\n\n<div id=\"section-gbd2ac6\" class=\"wp-block-gutentor-e2 section-gbd2ac6 gutentor-element gutentor-element-button button-align-center-desktop\"><span class=\"gutentor-button-wrap\"><a class=\"gutentor-button gutentor-block-button gutentor-icon-hide\" href=\"https:\/\/batcamer.com\/index.php\/constructions-et-extensions\/\"><i class=\"gutentor-button-icon fas fa-book\"><\/i><span><strong>Lire la suite<\/strong><\/span><\/a><\/span><\/div>\n<\/div>\n<\/div>\n\n\n\n<div class=\"wp-block-column is-vertically-aligned-center is-layout-flow wp-block-column-is-layout-flow\">\n<div class=\"wp-block-group alignwide has-shadow-dark animated animated-fadeInUp has-white-background-color has-background is-layout-constrained wp-container-core-group-layout-13 wp-block-group-is-layout-constrained\" style=\"border-radius:5px;padding-top:0px;padding-right:0px;padding-bottom:20px;padding-left:0px\">\n<div class=\"wp-block-group is-layout-flow wp-block-group-is-layout-flow\">\n<figure class=\"wp-block-image aligncenter size-large has-custom-border\"><a href=\"https:\/\/batcamer.com\/index.php\/amenagements-interieurs-et-exterieurs\/\"><img loading=\"lazy\" decoding=\"async\" width=\"1024\" height=\"536\" src=\"https:\/\/batcamer.com\/wp-content\/uploads\/2024\/02\/LBC_DU_007_Facade_7-1024x536.jpg\" alt=\"\" class=\"wp-image-1354\" style=\"border-top-left-radius:5px;border-top-right-radius:5px;border-bottom-left-radius:0px;border-bottom-right-radius:0px\" srcset=\"https:\/\/batcamer.com\/wp-content\/uploads\/2024\/02\/LBC_DU_007_Facade_7-1024x536.jpg 1024w, https:\/\/batcamer.com\/wp-content\/uploads\/2024\/02\/LBC_DU_007_Facade_7-600x314.jpg 600w, https:\/\/batcamer.com\/wp-content\/uploads\/2024\/02\/LBC_DU_007_Facade_7-300x157.jpg 300w, https:\/\/batcamer.com\/wp-content\/uploads\/2024\/02\/LBC_DU_007_Facade_7-768x402.jpg 768w, https:\/\/batcamer.com\/wp-content\/uploads\/2024\/02\/LBC_DU_007_Facade_7.jpg 1264w\" sizes=\"(max-width: 1024px) 100vw, 1024px\" \/><\/a><\/figure>\n<\/div>\n\n\n\n<div class=\"wp-block-group is-layout-constrained wp-container-core-group-layout-12 wp-block-group-is-layout-constrained\" style=\"padding-top:var(--wp--preset--spacing--30);padding-right:var(--wp--preset--spacing--30);padding-bottom:var(--wp--preset--spacing--30);padding-left:var(--wp--preset--spacing--30)\">\n<h3 class=\"wp-block-heading has-text-align-center\" style=\"margin-top:20px;margin-right:10px;margin-bottom:10px;margin-left:10px\"><a href=\"#\"><\/a><a href=\"https:\/\/batcamer.com\/index.php\/amenagements-interieurs-et-exterieurs\/\"><\/a><a href=\"https:\/\/batcamer.com\/index.php\/amenagements-interieurs-et-exterieurs\/\">Am\u00e9nagements int\u00e9rieurs et ext\u00e9rieurs<\/a><\/h3>\n\n\n\n<p class=\"has-text-align-center sp-p-lr\">Un am\u00e9nagement int\u00e9rieur et ext\u00e9rieur bien con\u00e7u influence notre vie au quotidien. Un changement au sein\u2026<\/p>\n<\/div>\n\n\n\n<div id=\"section-gb8e58d\" class=\"wp-block-gutentor-e2 section-gb8e58d gutentor-element gutentor-element-button button-align-center-desktop\"><span class=\"gutentor-button-wrap\"><a class=\"gutentor-button gutentor-block-button gutentor-icon-hide\" href=\"https:\/\/batcamer.com\/index.php\/amenagements-interieurs-et-exterieurs\/\"><i class=\"gutentor-button-icon fas fa-book\"><\/i><span><strong>Lire la suite<\/strong><\/span><\/a><\/span><\/div>\n<\/div>\n<\/div>\n<\/div>\n<\/div>\n","protected":false},"excerpt":{"rendered":"<p>Nos diff\u00e9rentes prestations LE BATISSEUR CAMEROUNAIS est entreprise qui vous accompagne dans vos projets de construction neuve, d\u2019extension, de modification, de transformation, de r\u00e9novation et&hellip;<\/p>\n","protected":false},"author":1,"featured_media":0,"parent":0,"menu_order":0,"comment_status":"closed","ping_status":"closed","template":"template-pagebuilder.php","meta":{"footnotes":"","iawp_total_views":119},"_links":{"self":[{"href":"https:\/\/batcamer.com\/index.php\/wp-json\/wp\/v2\/pages\/556"}],"collection":[{"href":"https:\/\/batcamer.com\/index.php\/wp-json\/wp\/v2\/pages"}],"about":[{"href":"https:\/\/batcamer.com\/index.php\/wp-json\/wp\/v2\/types\/page"}],"author":[{"embeddable":true,"href":"https:\/\/batcamer.com\/index.php\/wp-json\/wp\/v2\/users\/1"}],"replies":[{"embeddable":true,"href":"https:\/\/batcamer.com\/index.php\/wp-json\/wp\/v2\/comments?post=556"}],"version-history":[{"count":26,"href":"https:\/\/batcamer.com\/index.php\/wp-json\/wp\/v2\/pages\/556\/revisions"}],"predecessor-version":[{"id":1785,"href":"https:\/\/batcamer.com\/index.php\/wp-json\/wp\/v2\/pages\/556\/revisions\/1785"}],"wp:attachment":[{"href":"https:\/\/batcamer.com\/index.php\/wp-json\/wp\/v2\/media?parent=556"}],"curies":[{"name":"wp","href":"https:\/\/api.w.org\/{rel}","templated":true}]}}