{"id":412,"date":"2019-04-19T06:56:49","date_gmt":"2019-04-19T06:56:49","guid":{"rendered":"http:\/\/demo.sparklewpthemes.com\/constructionlight\/?page_id=412"},"modified":"2024-03-15T03:00:14","modified_gmt":"2024-03-15T02:00:14","slug":"house-construction","status":"publish","type":"page","link":"https:\/\/batcamer.com\/index.php\/house-construction\/","title":{"rendered":"Immeuble d&#8217;habitation"},"content":{"rendered":"\n<p>Un <strong>immeuble d&#8217;habitation<\/strong>, ou <strong>immeuble collectif<\/strong>, est un b\u00e2timent collectif \u00e0 usage d&#8217;habitation. Il peut \u00eatre d\u00e9coup\u00e9 en appartements formant des \u00ab\u00a0parties privatives\u00a0\u00bb, auxquelles sont adjointes des \u00ab\u00a0parties communes\u00a0\u00bb constitu\u00e9es notamment de passages, de locaux techniques et de jardins.<\/p>\n\n\n\n<p>Dans son sens courant, un <em>immeuble<\/em> est un b\u00e2timent de plusieurs \u00e9tages. Comme tout b\u00e2timent, il peut \u00eatre con\u00e7u pour assurer des fonctions r\u00e9sidentielles, administratives (priv\u00e9es ou publiques) ou financi\u00e8res.<\/p>\n\n\n\n<p>\u00c9tant donn\u00e9 sa structure multi-\u00e9tage, un immeuble comprend souvent plusieurs utilisateurs, qu\u2019ils soient locataires ou copropri\u00e9taires. L&#8217;immeuble d&#8217;habitation, par exemple, se diff\u00e9rencie de la maison, qui ne comprend qu&#8217;un seul foyer ou m\u00e9nage. Il comprend plusieurs unit\u00e9s d\u2019habitation appel\u00e9es appartements.<\/p>\n","protected":false},"excerpt":{"rendered":"<p>Un immeuble d&#8217;habitation, ou immeuble collectif, est un b\u00e2timent collectif \u00e0 usage d&#8217;habitation. Il peut \u00eatre d\u00e9coup\u00e9 en appartements formant des \u00ab\u00a0parties privatives\u00a0\u00bb, auxquelles sont&hellip;<\/p>\n","protected":false},"author":1,"featured_media":1289,"parent":0,"menu_order":0,"comment_status":"closed","ping_status":"closed","template":"","meta":{"footnotes":"","iawp_total_views":28},"_links":{"self":[{"href":"https:\/\/batcamer.com\/index.php\/wp-json\/wp\/v2\/pages\/412"}],"collection":[{"href":"https:\/\/batcamer.com\/index.php\/wp-json\/wp\/v2\/pages"}],"about":[{"href":"https:\/\/batcamer.com\/index.php\/wp-json\/wp\/v2\/types\/page"}],"author":[{"embeddable":true,"href":"https:\/\/batcamer.com\/index.php\/wp-json\/wp\/v2\/users\/1"}],"replies":[{"embeddable":true,"href":"https:\/\/batcamer.com\/index.php\/wp-json\/wp\/v2\/comments?post=412"}],"version-history":[{"count":2,"href":"https:\/\/batcamer.com\/index.php\/wp-json\/wp\/v2\/pages\/412\/revisions"}],"predecessor-version":[{"id":1292,"href":"https:\/\/batcamer.com\/index.php\/wp-json\/wp\/v2\/pages\/412\/revisions\/1292"}],"wp:featuredmedia":[{"embeddable":true,"href":"https:\/\/batcamer.com\/index.php\/wp-json\/wp\/v2\/media\/1289"}],"wp:attachment":[{"href":"https:\/\/batcamer.com\/index.php\/wp-json\/wp\/v2\/media?parent=412"}],"curies":[{"name":"wp","href":"https:\/\/api.w.org\/{rel}","templated":true}]}}