{"id":409,"date":"2019-04-19T06:53:58","date_gmt":"2019-04-19T06:53:58","guid":{"rendered":"http:\/\/demo.sparklewpthemes.com\/constructionlight\/?page_id=409"},"modified":"2024-03-15T03:04:13","modified_gmt":"2024-03-15T02:04:13","slug":"maison-plain-pied","status":"publish","type":"page","link":"https:\/\/batcamer.com\/index.php\/maison-plain-pied\/","title":{"rendered":"Maison Plain-pied"},"content":{"rendered":"\n<p><strong>La maison de plain-pied<\/strong> est une construction qui pr\u00e9sente de nombreux avantages. Certes, elle n\u00e9cessite un plus grand terrain qu\u2019une habitation \u00e0 \u00e9tage, mais elle s\u2019av\u00e8re tr\u00e8s int\u00e9ressante, notamment parce qu\u2019elle est moins co\u00fbteuse, plus \u00e9cologique et \u00e9galement d\u00e9di\u00e9e \u00e0 tous<\/p>\n\n\n\n<p>La maison de plain-pied est sans escalier et accessible partout , elle s\u2019av\u00e8re plus s\u00e9curis\u00e9e pour tous, y compris pour les jeunes enfants et les personnes \u00e0 mobilit\u00e9 r\u00e9duite. En outre, elle permet d\u2019\u00e9viter bon nombre d\u2019accidents domestiques. En effet, monter et descendre les escaliers plusieurs fois par jour avec un enfant dans les bras ou m\u00eame \u00e0 vide peut \u00eatre fatigant.<\/p>\n","protected":false},"excerpt":{"rendered":"<p>La maison de plain-pied est une construction qui pr\u00e9sente de nombreux avantages. Certes, elle n\u00e9cessite un plus grand terrain qu\u2019une habitation \u00e0 \u00e9tage, mais elle&hellip;<\/p>\n","protected":false},"author":1,"featured_media":1280,"parent":0,"menu_order":0,"comment_status":"closed","ping_status":"closed","template":"","meta":{"footnotes":"","iawp_total_views":85},"_links":{"self":[{"href":"https:\/\/batcamer.com\/index.php\/wp-json\/wp\/v2\/pages\/409"}],"collection":[{"href":"https:\/\/batcamer.com\/index.php\/wp-json\/wp\/v2\/pages"}],"about":[{"href":"https:\/\/batcamer.com\/index.php\/wp-json\/wp\/v2\/types\/page"}],"author":[{"embeddable":true,"href":"https:\/\/batcamer.com\/index.php\/wp-json\/wp\/v2\/users\/1"}],"replies":[{"embeddable":true,"href":"https:\/\/batcamer.com\/index.php\/wp-json\/wp\/v2\/comments?post=409"}],"version-history":[{"count":2,"href":"https:\/\/batcamer.com\/index.php\/wp-json\/wp\/v2\/pages\/409\/revisions"}],"predecessor-version":[{"id":1279,"href":"https:\/\/batcamer.com\/index.php\/wp-json\/wp\/v2\/pages\/409\/revisions\/1279"}],"wp:featuredmedia":[{"embeddable":true,"href":"https:\/\/batcamer.com\/index.php\/wp-json\/wp\/v2\/media\/1280"}],"wp:attachment":[{"href":"https:\/\/batcamer.com\/index.php\/wp-json\/wp\/v2\/media?parent=409"}],"curies":[{"name":"wp","href":"https:\/\/api.w.org\/{rel}","templated":true}]}}