{"id":367,"date":"2019-04-19T05:09:06","date_gmt":"2019-04-19T05:09:06","guid":{"rendered":"http:\/\/demo.sparklewpthemes.com\/constructionlight\/?page_id=367"},"modified":"2024-03-15T02:24:32","modified_gmt":"2024-03-15T01:24:32","slug":"a-propos-de-notre-entreprise","status":"publish","type":"page","link":"https:\/\/batcamer.com\/index.php\/a-propos-de-notre-entreprise\/","title":{"rendered":"A propos de notre entreprise"},"content":{"rendered":"\n<p><strong>LE BATISSEUR CAMEROUNAIS<\/strong> est une entreprise qui vous accompagne dans vos projets de construction neuve, d\u2019extension, de modification, de transformation, de r\u00e9novation et d\u2019am\u00e9nagement int\u00e9rieur et ext\u00e9rieur.<\/p>\n\n\n\n<p>Nous sommes une entreprise de droit camerounais immatricul\u00e9e au REGISTRE DE COMMERCE ET DU CREDIT MOBILIER N\u00b0RC\/DLA\/2019\/A\/2102 et enregistr\u00e9e \u00e0 la CARTE DE CONTRIBUABLE N\u00b0P018612759854H qui a pour corps de m\u00e9tier LA MAITRISE D\u2019\u0152UVRE EN B\u00c2TIMENT ET TRAVAUX PUBLICS<\/p>\n\n\n\n<p>Notre entreprise est \u00e9galement une plate forme constitu\u00e9e de plusieurs entit\u00e9s dispos\u00e9es \u00e0 vous apporter toutes les solutions pour la r\u00e9alisation de votre projet de construction de A \u00e0 Z<\/p>\n","protected":false},"excerpt":{"rendered":"<p>LE BATISSEUR CAMEROUNAIS est une entreprise qui vous accompagne dans vos projets de construction neuve, d\u2019extension, de modification, de transformation, de r\u00e9novation et d\u2019am\u00e9nagement int\u00e9rieur&hellip;<\/p>\n","protected":false},"author":1,"featured_media":1337,"parent":0,"menu_order":0,"comment_status":"closed","ping_status":"closed","template":"","meta":{"footnotes":"","iawp_total_views":1},"_links":{"self":[{"href":"https:\/\/batcamer.com\/index.php\/wp-json\/wp\/v2\/pages\/367"}],"collection":[{"href":"https:\/\/batcamer.com\/index.php\/wp-json\/wp\/v2\/pages"}],"about":[{"href":"https:\/\/batcamer.com\/index.php\/wp-json\/wp\/v2\/types\/page"}],"author":[{"embeddable":true,"href":"https:\/\/batcamer.com\/index.php\/wp-json\/wp\/v2\/users\/1"}],"replies":[{"embeddable":true,"href":"https:\/\/batcamer.com\/index.php\/wp-json\/wp\/v2\/comments?post=367"}],"version-history":[{"count":7,"href":"https:\/\/batcamer.com\/index.php\/wp-json\/wp\/v2\/pages\/367\/revisions"}],"predecessor-version":[{"id":1333,"href":"https:\/\/batcamer.com\/index.php\/wp-json\/wp\/v2\/pages\/367\/revisions\/1333"}],"wp:featuredmedia":[{"embeddable":true,"href":"https:\/\/batcamer.com\/index.php\/wp-json\/wp\/v2\/media\/1337"}],"wp:attachment":[{"href":"https:\/\/batcamer.com\/index.php\/wp-json\/wp\/v2\/media?parent=367"}],"curies":[{"name":"wp","href":"https:\/\/api.w.org\/{rel}","templated":true}]}}