{"id":1361,"date":"2024-02-05T22:25:28","date_gmt":"2024-02-05T21:25:28","guid":{"rendered":"https:\/\/batcamer.com\/?page_id=1361"},"modified":"2024-03-15T02:27:24","modified_gmt":"2024-03-15T01:27:24","slug":"amenagements-interieurs-et-exterieurs","status":"publish","type":"page","link":"https:\/\/batcamer.com\/index.php\/amenagements-interieurs-et-exterieurs\/","title":{"rendered":"Am\u00e9nagements int\u00e9rieurs et ext\u00e9rieurs"},"content":{"rendered":"\n<p>Un <strong>am\u00e9nagement int\u00e9rieur et ext\u00e9rieur<\/strong> bien con\u00e7u influence notre vie au quotidien.<\/p>\n\n\n\n<p>Un changement au sein de votre habitation n\u00e9cessite un regard ext\u00e9rieur d\u2019un sp\u00e9cialiste et doit \u00eatre bien pr\u00e9par\u00e9.<\/p>\n\n\n\n<p>En effet, qu\u2019il s\u2019agisse de <strong>modifier une pi\u00e8ce<\/strong>, d\u2019<strong>agrandir ou d\u2019harmoniser un espace ou une fa\u00e7ade<\/strong>, LBC Construction est l\u00e0 pour vous conseiller. Laissez libre cours \u00e0 votre imagination pour habiller votre int\u00e9rieur et ext\u00e9rieur des plus beaux mat\u00e9riaux<\/p>\n\n\n\n<p>Nous vous accompagnons dans la <strong>conception de votre am\u00e9nagement int\u00e9rieur et ext\u00e9rieur<\/strong>, des plans \u00e0 la d\u00e9coration.<\/p>\n\n\n\n<p>Notre paysagiste, partenaire de longue date pour la <strong>cr\u00e9ation de jardins<\/strong>, l\u2019<strong>am\u00e9nagement paysager<\/strong> et l\u2019<strong>agencement ext\u00e9rieur<\/strong> vous accompagne pour tout projet d\u2019<strong>am\u00e9nagement ext\u00e9rieur<\/strong> qui marie le min\u00e9ral et le v\u00e9g\u00e9tal.<\/p>\n\n\n\n<p><strong>Cuisines \/&nbsp;Salles de bains \/&nbsp;Plans de travail \/&nbsp;Tablettes de fen\u00eatres \/&nbsp;Dallages \/ Escaliers \/&nbsp;Mobiliers en pierre \/<\/strong> <strong>Fa\u00e7ades \/ Terrasses \/&nbsp;Escaliers \/&nbsp;All\u00e9es \/ Piscines \/&nbsp;Cl\u00f4tures \/&nbsp;Palissades \/&nbsp;Mobiliers de jardin<\/strong><\/p>\n","protected":false},"excerpt":{"rendered":"<p>Un am\u00e9nagement int\u00e9rieur et ext\u00e9rieur bien con\u00e7u influence notre vie au quotidien. Un changement au sein de votre habitation n\u00e9cessite un regard ext\u00e9rieur d\u2019un sp\u00e9cialiste&hellip;<\/p>\n","protected":false},"author":1,"featured_media":1354,"parent":0,"menu_order":0,"comment_status":"closed","ping_status":"closed","template":"","meta":{"footnotes":"","iawp_total_views":68},"_links":{"self":[{"href":"https:\/\/batcamer.com\/index.php\/wp-json\/wp\/v2\/pages\/1361"}],"collection":[{"href":"https:\/\/batcamer.com\/index.php\/wp-json\/wp\/v2\/pages"}],"about":[{"href":"https:\/\/batcamer.com\/index.php\/wp-json\/wp\/v2\/types\/page"}],"author":[{"embeddable":true,"href":"https:\/\/batcamer.com\/index.php\/wp-json\/wp\/v2\/users\/1"}],"replies":[{"embeddable":true,"href":"https:\/\/batcamer.com\/index.php\/wp-json\/wp\/v2\/comments?post=1361"}],"version-history":[{"count":1,"href":"https:\/\/batcamer.com\/index.php\/wp-json\/wp\/v2\/pages\/1361\/revisions"}],"predecessor-version":[{"id":1362,"href":"https:\/\/batcamer.com\/index.php\/wp-json\/wp\/v2\/pages\/1361\/revisions\/1362"}],"wp:featuredmedia":[{"embeddable":true,"href":"https:\/\/batcamer.com\/index.php\/wp-json\/wp\/v2\/media\/1354"}],"wp:attachment":[{"href":"https:\/\/batcamer.com\/index.php\/wp-json\/wp\/v2\/media?parent=1361"}],"curies":[{"name":"wp","href":"https:\/\/api.w.org\/{rel}","templated":true}]}}