{"id":1357,"date":"2024-02-05T22:16:34","date_gmt":"2024-02-05T21:16:34","guid":{"rendered":"https:\/\/batcamer.com\/?page_id=1357"},"modified":"2024-03-15T02:32:15","modified_gmt":"2024-03-15T01:32:15","slug":"constructions-et-extensions","status":"publish","type":"page","link":"https:\/\/batcamer.com\/index.php\/constructions-et-extensions\/","title":{"rendered":"Constructions et Extensions"},"content":{"rendered":"\n<p><strong>Nous intervenons sur tous vos projets de construction neuve et d\u2019extension en ma\u00e7onnerie classique, en b\u00e9ton qui s\u2019inscrivent dans la durabilit\u00e9 .<\/strong><\/p>\n\n\n\n<p>Maisons, b\u00e2timents de style moderne ou ancien, construction de terrasses, agrandissements, construction de murs et de cloisons, de b\u00e2timents sp\u00e9cifiques\u2026<\/p>\n\n\n\n<p>Toutes nos prestations sont r\u00e9alis\u00e9es avec les mat\u00e9riaux les plus adapt\u00e9s en fonction de la construction existante et de votre budget.<\/p>\n\n\n\n<p>Lorsque la place vient \u00e0 manquer, il est parfois n\u00e9cessaire de trouver des solutions de r\u00e9am\u00e9nagement de l\u2019habitat voire d\u2019agrandissement. Nos prestations vous permettront rapidement de cr\u00e9er de nouvelles pi\u00e8ces de vie afin de profiter d\u2019une surface habitable plus grande.<\/p>\n\n\n\n<p>Nous vous garantissons un<strong>&nbsp;travail de qualit\u00e9 qui r\u00e9pond enti\u00e8rement \u00e0 vos exigences<\/strong>&nbsp;gr\u00e2ce \u00e0 une analyse pr\u00e9cise de vos besoins avant l\u2019engagement des travaux.<\/p>\n\n\n\n<p>Nous intervenons sur diff\u00e9rents lots selon votre besoin : du gros \u0153uvre (hors d\u2019eau \/hors d\u2019air), au second \u0153uvre( carrelage, peinture, plomberie, chauffage, sanitaire, isolation, etc\u2026)<\/p>\n","protected":false},"excerpt":{"rendered":"<p>Nous intervenons sur tous vos projets de construction neuve et d\u2019extension en ma\u00e7onnerie classique, en b\u00e9ton qui s\u2019inscrivent dans la durabilit\u00e9 . Maisons, b\u00e2timents de&hellip;<\/p>\n","protected":false},"author":1,"featured_media":1358,"parent":0,"menu_order":0,"comment_status":"closed","ping_status":"closed","template":"","meta":{"footnotes":"","iawp_total_views":29},"_links":{"self":[{"href":"https:\/\/batcamer.com\/index.php\/wp-json\/wp\/v2\/pages\/1357"}],"collection":[{"href":"https:\/\/batcamer.com\/index.php\/wp-json\/wp\/v2\/pages"}],"about":[{"href":"https:\/\/batcamer.com\/index.php\/wp-json\/wp\/v2\/types\/page"}],"author":[{"embeddable":true,"href":"https:\/\/batcamer.com\/index.php\/wp-json\/wp\/v2\/users\/1"}],"replies":[{"embeddable":true,"href":"https:\/\/batcamer.com\/index.php\/wp-json\/wp\/v2\/comments?post=1357"}],"version-history":[{"count":1,"href":"https:\/\/batcamer.com\/index.php\/wp-json\/wp\/v2\/pages\/1357\/revisions"}],"predecessor-version":[{"id":1359,"href":"https:\/\/batcamer.com\/index.php\/wp-json\/wp\/v2\/pages\/1357\/revisions\/1359"}],"wp:featuredmedia":[{"embeddable":true,"href":"https:\/\/batcamer.com\/index.php\/wp-json\/wp\/v2\/media\/1358"}],"wp:attachment":[{"href":"https:\/\/batcamer.com\/index.php\/wp-json\/wp\/v2\/media?parent=1357"}],"curies":[{"name":"wp","href":"https:\/\/api.w.org\/{rel}","templated":true}]}}