{"id":1353,"date":"2024-02-05T22:06:02","date_gmt":"2024-02-05T21:06:02","guid":{"rendered":"https:\/\/batcamer.com\/?page_id=1353"},"modified":"2024-02-05T22:39:03","modified_gmt":"2024-02-05T21:39:03","slug":"modifications-transformation-et-renovation","status":"publish","type":"page","link":"https:\/\/batcamer.com\/index.php\/modifications-transformation-et-renovation\/","title":{"rendered":"Modifications, Transformation et R\u00e9novation"},"content":{"rendered":"\n<p>Le m\u00e9tier du b\u00e2timent est l\u2019un des secteurs les plus complexes. Il est donc indispensable de choisir le bon prestataire. Vous souhaitez modifier, r\u00e9nover ou transformer votre habitation actuelle&nbsp;? Les possibilit\u00e9s sont infinies&nbsp;!<br>&nbsp;<br>Faire appel \u00e0 <strong>LBC (Le B\u00e2tisseur Camerounais)<\/strong> c\u2019est b\u00e9n\u00e9ficier d\u2019un r\u00e9sultat \u00e0 la hauteur de vos attentes&nbsp;! Gr\u00e2ce \u00e0 notre exp\u00e9rience dans le domaine et notre \u00e9quipe de professionnels, nous prenons en charge l\u2019enti\u00e8ret\u00e9 de votre projet.<\/p>\n\n\n\n<p>Vous avez un projet de r\u00e9novation ou de transformation? Vous souhaitez d\u00e9molir un mur porteur pour cr\u00e9er un passage ou une baie? Vous souhaitez d\u00e9molir un plancher et cr\u00e9er un escalier ou un ascenseur? Consultez-nous!<\/p>\n\n\n\n<p>Nous intervenons pour la d\u00e9molition, le renforcement de structure porteuse ou les travaux de gros-oeuvre dans un b\u00e2timent existant.<\/p>\n","protected":false},"excerpt":{"rendered":"<p>Le m\u00e9tier du b\u00e2timent est l\u2019un des secteurs les plus complexes. Il est donc indispensable de choisir le bon prestataire. Vous souhaitez modifier, r\u00e9nover ou&hellip;<\/p>\n","protected":false},"author":1,"featured_media":1364,"parent":0,"menu_order":0,"comment_status":"closed","ping_status":"closed","template":"","meta":{"footnotes":"","iawp_total_views":28},"_links":{"self":[{"href":"https:\/\/batcamer.com\/index.php\/wp-json\/wp\/v2\/pages\/1353"}],"collection":[{"href":"https:\/\/batcamer.com\/index.php\/wp-json\/wp\/v2\/pages"}],"about":[{"href":"https:\/\/batcamer.com\/index.php\/wp-json\/wp\/v2\/types\/page"}],"author":[{"embeddable":true,"href":"https:\/\/batcamer.com\/index.php\/wp-json\/wp\/v2\/users\/1"}],"replies":[{"embeddable":true,"href":"https:\/\/batcamer.com\/index.php\/wp-json\/wp\/v2\/comments?post=1353"}],"version-history":[{"count":1,"href":"https:\/\/batcamer.com\/index.php\/wp-json\/wp\/v2\/pages\/1353\/revisions"}],"predecessor-version":[{"id":1355,"href":"https:\/\/batcamer.com\/index.php\/wp-json\/wp\/v2\/pages\/1353\/revisions\/1355"}],"wp:featuredmedia":[{"embeddable":true,"href":"https:\/\/batcamer.com\/index.php\/wp-json\/wp\/v2\/media\/1364"}],"wp:attachment":[{"href":"https:\/\/batcamer.com\/index.php\/wp-json\/wp\/v2\/media?parent=1353"}],"curies":[{"name":"wp","href":"https:\/\/api.w.org\/{rel}","templated":true}]}}