{"id":126,"date":"2018-02-27T07:51:08","date_gmt":"2018-02-27T07:51:08","guid":{"rendered":"http:\/\/offshorethemes.com\/demo\/sparkconstruction\/?page_id=126"},"modified":"2024-03-15T03:02:12","modified_gmt":"2024-03-15T02:02:12","slug":"electrical-wiring","status":"publish","type":"page","link":"https:\/\/batcamer.com\/index.php\/electrical-wiring\/","title":{"rendered":"Maison Duplex"},"content":{"rendered":"\n<p>On parle de duplex pour d\u00e9signer un appartement compos\u00e9 de 2 niveaux : son rez-de-chauss\u00e9e et son \u00e9tage, r\u00e9uni par un escalier int\u00e9rieur. Son atout premier est, tout en conservant la m\u00eame surface d\u2019occupation du terrain, de pouvoir proposer une surface habitable doubl\u00e9e par rapport \u00e0 une maison d\u2019un seul niveau. Ainsi, une maison en duplex est un moyen de garder une belle superficie de jardin. Un fort avantage de ce type de construction est donc l\u2019espace qu\u2019elle peut proposer aux propri\u00e9taires \u00e0 la fois \u00e0 l\u2019int\u00e9rieur et \u00e0 l\u2019ext\u00e9rieur. On trouve par exemple la cuisine, le salon et salle \u00e0 manger au premier niveau et les chambre et salles de bain \u00e0 l\u2019\u00e9tage, ou inversement.<\/p>\n","protected":false},"excerpt":{"rendered":"<p>On parle de duplex pour d\u00e9signer un appartement compos\u00e9 de 2 niveaux : son rez-de-chauss\u00e9e et son \u00e9tage, r\u00e9uni par un escalier int\u00e9rieur. Son atout&hellip;<\/p>\n","protected":false},"author":1,"featured_media":1282,"parent":0,"menu_order":0,"comment_status":"closed","ping_status":"closed","template":"","meta":{"footnotes":"","iawp_total_views":90},"_links":{"self":[{"href":"https:\/\/batcamer.com\/index.php\/wp-json\/wp\/v2\/pages\/126"}],"collection":[{"href":"https:\/\/batcamer.com\/index.php\/wp-json\/wp\/v2\/pages"}],"about":[{"href":"https:\/\/batcamer.com\/index.php\/wp-json\/wp\/v2\/types\/page"}],"author":[{"embeddable":true,"href":"https:\/\/batcamer.com\/index.php\/wp-json\/wp\/v2\/users\/1"}],"replies":[{"embeddable":true,"href":"https:\/\/batcamer.com\/index.php\/wp-json\/wp\/v2\/comments?post=126"}],"version-history":[{"count":3,"href":"https:\/\/batcamer.com\/index.php\/wp-json\/wp\/v2\/pages\/126\/revisions"}],"predecessor-version":[{"id":1287,"href":"https:\/\/batcamer.com\/index.php\/wp-json\/wp\/v2\/pages\/126\/revisions\/1287"}],"wp:featuredmedia":[{"embeddable":true,"href":"https:\/\/batcamer.com\/index.php\/wp-json\/wp\/v2\/media\/1282"}],"wp:attachment":[{"href":"https:\/\/batcamer.com\/index.php\/wp-json\/wp\/v2\/media?parent=126"}],"curies":[{"name":"wp","href":"https:\/\/api.w.org\/{rel}","templated":true}]}}